{"id":59,"date":"2024-05-05T20:04:55","date_gmt":"2024-05-05T18:04:55","guid":{"rendered":"https:\/\/costumbres.elhogarquedeseo.com\/?page_id=59"},"modified":"2024-08-02T19:24:44","modified_gmt":"2024-08-02T17:24:44","slug":"9-afectividad-noviazgo","status":"publish","type":"page","link":"https:\/\/costumbres.elhogarquedeseo.com\/index.php\/9-afectividad-noviazgo\/","title":{"rendered":"9 Afectividad: NOVIAZGO"},"content":{"rendered":"<iframe loading=\"lazy\" title=\"9. NOVIAZGO\" src=\"https:\/\/player.vimeo.com\/video\/540182206?h=eca2a08e28&amp;title=0&amp;byline=0&amp;portrait=0&amp;badge=0&amp;autopause=0&amp;player_id=0&amp;app_id=58479\" width=\"653\" height=\"357\" frameborder=\"0\"><span data-mce-type=\"bookmark\" style=\"display: inline-block; width: 0px; overflow: hidden; line-height: 0;\" class=\"mce_SELRES_start\">\ufeff<\/span><\/iframe>\r\n<div class=\"wp-block-embed__wrapper\"><\/div>\r\n\r\n<h2 style=\"text-align: center;\">CONTENIDO<\/h2>\r\n<ol>\r\n \t<li style=\"list-style-type: none;\">\r\n<ol>\r\n \t<li style=\"list-style-type: none;\">\r\n<ol>\r\n \t<li style=\"list-style-type: none;\">\r\n<ol>\r\n \t<li style=\"list-style-type: none;\">\r\n<ol>\r\n \t<li style=\"list-style-type: none;\">\r\n<ol>\r\n \t<li>\r\n<h5><a href=\"https:\/\/costumbres.elhogarquedeseo.com\/index.php\/1-afectividad-introduccion\/\">INTRODUCCI\u00d3N<\/a><\/h5>\r\n<\/li>\r\n \t<li>\r\n<h5><a href=\"https:\/\/costumbres.elhogarquedeseo.com\/index.php\/2-afectividad-somos-seres-sexuados\/\">SOMOS SERES SEXUADOS<\/a><\/h5>\r\n<\/li>\r\n \t<li>\r\n<h5><a href=\"https:\/\/costumbres.elhogarquedeseo.com\/index.php\/3-afectividad-intimidad\/\">INTIMIDAD<\/a><\/h5>\r\n<\/li>\r\n \t<li>\r\n<h5><a href=\"https:\/\/costumbres.elhogarquedeseo.com\/index.php\/4-afectividad-como-hablar-de-sexo-con-mis-hijos\/\">\u00bfC\u00d3MO HABLAR DE SEXO CON MIS HIJOS?<\/a><\/h5>\r\n<\/li>\r\n \t<li>\r\n<h5><a href=\"https:\/\/costumbres.elhogarquedeseo.com\/index.php\/5-afectividad-la-belleza-de-ser-mujer\/\">LA BELLEZA DE SER MUJER<\/a><\/h5>\r\n<\/li>\r\n \t<li>\r\n<h5><a href=\"https:\/\/costumbres.elhogarquedeseo.com\/index.php\/6-afectividad-que-es-un-varon-sano\/\">\u00bfQU\u00c9 ES UN VAR\u00d3N SANO?<\/a><\/h5>\r\n<\/li>\r\n \t<li>\r\n<h5><a href=\"https:\/\/costumbres.elhogarquedeseo.com\/index.php\/7-afectividad-pornografia\/\">PORNOGRAF\u00cdA<\/a><\/h5>\r\n<\/li>\r\n \t<li>\r\n<h5><a href=\"https:\/\/costumbres.elhogarquedeseo.com\/index.php\/8-afectividad-sexo-casual\/\">\u00bfSEXO CASUAL?<\/a><\/h5>\r\n<\/li>\r\n \t<li>\r\n<h5><a href=\"https:\/\/costumbres.elhogarquedeseo.com\/index.php\/9-afectividad-noviazgo\/\">NOVIAZGO<\/a><\/h5>\r\n<\/li>\r\n \t<li>\r\n<h5><a href=\"https:\/\/costumbres.elhogarquedeseo.com\/index.php\/10-afectividad-matrimonio\/\">MATRIMONIO<\/a><\/h5>\r\n<\/li>\r\n<\/ol>\r\n<\/li>\r\n<\/ol>\r\n<\/li>\r\n<\/ol>\r\n<\/li>\r\n<\/ol>\r\n<\/li>\r\n<\/ol>\r\n<\/li>\r\n<\/ol><!-- \/wp:post-content -->","protected":false},"excerpt":{"rendered":"<p>\ufeff CONTENIDO INTRODUCCI\u00d3N SOMOS SERES SEXUADOS INTIMIDAD \u00bfC\u00d3MO HABLAR DE SEXO CON MIS HIJOS? LA BELLEZA DE SER MUJER \u00bfQU\u00c9 ES UN VAR\u00d3N SANO? PORNOGRAF\u00cdA \u00bfSEXO CASUAL? NOVIAZGO MATRIMONIO<\/p>\n","protected":false},"author":1,"featured_media":0,"parent":0,"menu_order":0,"comment_status":"closed","ping_status":"closed","template":"","meta":{"hide_page_title":"","_coblocks_attr":"","_coblocks_dimensions":"","_coblocks_responsive_height":"","_coblocks_accordion_ie_support":"","footnotes":""},"class_list":["post-59","page","type-page","status-publish","hentry"],"_links":{"self":[{"href":"https:\/\/costumbres.elhogarquedeseo.com\/index.php\/wp-json\/wp\/v2\/pages\/59","targetHints":{"allow":["GET"]}}],"collection":[{"href":"https:\/\/costumbres.elhogarquedeseo.com\/index.php\/wp-json\/wp\/v2\/pages"}],"about":[{"href":"https:\/\/costumbres.elhogarquedeseo.com\/index.php\/wp-json\/wp\/v2\/types\/page"}],"author":[{"embeddable":true,"href":"https:\/\/costumbres.elhogarquedeseo.com\/index.php\/wp-json\/wp\/v2\/users\/1"}],"replies":[{"embeddable":true,"href":"https:\/\/costumbres.elhogarquedeseo.com\/index.php\/wp-json\/wp\/v2\/comments?post=59"}],"version-history":[{"count":11,"href":"https:\/\/costumbres.elhogarquedeseo.com\/index.php\/wp-json\/wp\/v2\/pages\/59\/revisions"}],"predecessor-version":[{"id":200,"href":"https:\/\/costumbres.elhogarquedeseo.com\/index.php\/wp-json\/wp\/v2\/pages\/59\/revisions\/200"}],"wp:attachment":[{"href":"https:\/\/costumbres.elhogarquedeseo.com\/index.php\/wp-json\/wp\/v2\/media?parent=59"}],"curies":[{"name":"wp","href":"https:\/\/api.w.org\/{rel}","templated":true}]}}