{"id":57,"date":"2024-05-05T20:03:11","date_gmt":"2024-05-05T18:03:11","guid":{"rendered":"https:\/\/costumbres.elhogarquedeseo.com\/?page_id=57"},"modified":"2024-08-02T18:31:38","modified_gmt":"2024-08-02T16:31:38","slug":"8-afectividad-sexo-casual","status":"publish","type":"page","link":"https:\/\/costumbres.elhogarquedeseo.com\/index.php\/8-afectividad-sexo-casual\/","title":{"rendered":"8 Afectividad: \u00bfSEXO CASUAL?"},"content":{"rendered":"\n<figure class=\"wp-block-embed alignfull is-type-video is-provider-vimeo wp-block-embed-vimeo wp-embed-aspect-16-9 wp-has-aspect-ratio\"><div class=\"wp-block-embed__wrapper\">\n<iframe loading=\"lazy\" src=\"https:\/\/player.vimeo.com\/video\/540181984?h=0428dcd8bd&amp;dnt=1&amp;app_id=122963\" width=\"660\" height=\"371\" frameborder=\"0\" allow=\"autoplay; fullscreen; picture-in-picture; clipboard-write\"><\/iframe>\n<\/div><\/figure>\n\n\n<h2 style=\"text-align: center;\">CONTENIDO\u00a0<\/h2>\n<ol>\n<li style=\"list-style-type: none;\">\n<ol>\n<li style=\"list-style-type: none;\">\n<ol>\n<li style=\"list-style-type: none;\">\n<ol>\n<li style=\"list-style-type: none;\">\n<ol>\n<li style=\"list-style-type: none;\">\n<ol>\n<li>\n<h5><a href=\"https:\/\/costumbres.elhogarquedeseo.com\/index.php\/1-afectividad-introduccion\/\">INTRODUCCI\u00d3N<\/a><\/h5>\n<\/li>\n<li>\n<h5><a href=\"https:\/\/costumbres.elhogarquedeseo.com\/index.php\/2-afectividad-somos-seres-sexuados\/\">SOMOS SERES SEXUADOS<\/a><\/h5>\n<\/li>\n<li>\n<h5><a href=\"https:\/\/costumbres.elhogarquedeseo.com\/index.php\/3-afectividad-intimidad\/\">INTIMIDAD<\/a><\/h5>\n<\/li>\n<li>\n<h5><a href=\"https:\/\/costumbres.elhogarquedeseo.com\/index.php\/4-afectividad-como-hablar-de-sexo-con-mis-hijos\/\">\u00bfC\u00d3MO HABLAR DE SEXO CON MIS HIJOS?<\/a><\/h5>\n<\/li>\n<li>\n<h5><a href=\"https:\/\/costumbres.elhogarquedeseo.com\/index.php\/5-afectividad-la-belleza-de-ser-mujer\/\">LA BELLEZA DE SER MUJER<\/a><\/h5>\n<\/li>\n<li>\n<h5><a href=\"https:\/\/costumbres.elhogarquedeseo.com\/index.php\/6-afectividad-que-es-un-varon-sano\/\">\u00bfQU\u00c9 ES UN VAR\u00d3N SANO?<\/a><\/h5>\n<\/li>\n<li>\n<h5><a href=\"https:\/\/costumbres.elhogarquedeseo.com\/index.php\/7-afectividad-pornografia\/\">PORNOGRAF\u00cdA<\/a><\/h5>\n<\/li>\n<li>\n<h5><a href=\"https:\/\/costumbres.elhogarquedeseo.com\/index.php\/8-afectividad-sexo-casual\/\">\u00bfSEXO CASUAL?<\/a><\/h5>\n<\/li>\n<li>\n<h5><a href=\"https:\/\/costumbres.elhogarquedeseo.com\/index.php\/9-afectividad-noviazgo\/\" data-wplink-edit=\"true\">NOVIAZGO<\/a><\/h5>\n<\/li>\n<li>\n<h5><a href=\"https:\/\/costumbres.elhogarquedeseo.com\/index.php\/10-afectividad-matrimonio\/\">MATRIMONIO<\/a><\/h5>\n<\/li>\n<\/ol>\n<\/li>\n<\/ol>\n<\/li>\n<\/ol>\n<\/li>\n<\/ol>\n<\/li>\n<\/ol>\n<\/li>\n<\/ol>","protected":false},"excerpt":{"rendered":"<p>CONTENIDO\u00a0 INTRODUCCI\u00d3N SOMOS SERES SEXUADOS INTIMIDAD \u00bfC\u00d3MO HABLAR DE SEXO CON MIS HIJOS? LA BELLEZA DE SER MUJER \u00bfQU\u00c9 ES UN VAR\u00d3N SANO? PORNOGRAF\u00cdA \u00bfSEXO CASUAL? NOVIAZGO MATRIMONIO<\/p>\n","protected":false},"author":1,"featured_media":0,"parent":0,"menu_order":0,"comment_status":"closed","ping_status":"closed","template":"","meta":{"hide_page_title":"","_coblocks_attr":"","_coblocks_dimensions":"","_coblocks_responsive_height":"","_coblocks_accordion_ie_support":"","footnotes":""},"class_list":["post-57","page","type-page","status-publish","hentry"],"_links":{"self":[{"href":"https:\/\/costumbres.elhogarquedeseo.com\/index.php\/wp-json\/wp\/v2\/pages\/57","targetHints":{"allow":["GET"]}}],"collection":[{"href":"https:\/\/costumbres.elhogarquedeseo.com\/index.php\/wp-json\/wp\/v2\/pages"}],"about":[{"href":"https:\/\/costumbres.elhogarquedeseo.com\/index.php\/wp-json\/wp\/v2\/types\/page"}],"author":[{"embeddable":true,"href":"https:\/\/costumbres.elhogarquedeseo.com\/index.php\/wp-json\/wp\/v2\/users\/1"}],"replies":[{"embeddable":true,"href":"https:\/\/costumbres.elhogarquedeseo.com\/index.php\/wp-json\/wp\/v2\/comments?post=57"}],"version-history":[{"count":3,"href":"https:\/\/costumbres.elhogarquedeseo.com\/index.php\/wp-json\/wp\/v2\/pages\/57\/revisions"}],"predecessor-version":[{"id":189,"href":"https:\/\/costumbres.elhogarquedeseo.com\/index.php\/wp-json\/wp\/v2\/pages\/57\/revisions\/189"}],"wp:attachment":[{"href":"https:\/\/costumbres.elhogarquedeseo.com\/index.php\/wp-json\/wp\/v2\/media?parent=57"}],"curies":[{"name":"wp","href":"https:\/\/api.w.org\/{rel}","templated":true}]}}