{"id":17,"date":"2024-05-05T17:05:49","date_gmt":"2024-05-05T15:05:49","guid":{"rendered":"https:\/\/costumbres.elhogarquedeseo.com\/?page_id=17"},"modified":"2024-05-05T22:02:18","modified_gmt":"2024-05-05T20:02:18","slug":"costumbres","status":"publish","type":"page","link":"https:\/\/costumbres.elhogarquedeseo.com\/","title":{"rendered":"Costumbres: Cursos para mejorar"},"content":{"rendered":"\n<div class=\"wp-block-group alignfull has-background\" style=\"background-color:#f5eac1;padding-top:6vw;padding-right:6vw;padding-bottom:6vw;padding-left:6vw\"><div class=\"wp-block-group__inner-container is-layout-flow wp-block-group-is-layout-flow\">\n<div class=\"wp-block-group alignfull is-vertical is-nowrap is-layout-flex wp-container-core-group-is-layout-8171334d wp-block-group-is-layout-flex\" style=\"padding-top:0;padding-right:0;padding-bottom:0;padding-left:0\">\n<section id=\"section-025dfe0d-0738-4611-98cf-1a4e8e861487\" class=\"wp-block-gutentor-about-block gutentor-section gutentor-about about-template6 has-color-bg has-custom-bg\"><div class=\"grid-container\"><div class=\"gutentor-grid-item-wrap\"><div class=\"gutentor-single-item\"><div class=\"grid-row\"><div class=\"grid-md-6 about-grid\"><div class=\"gutentor-single-item-content\"><div class=\"gutentor-about-content\"><h3 class=\"gutentor-single-item-title\"> Gesti\u00f3n del tiempo<\/h3><p class=\"gutentor-single-item-desc\"> C<a href=\"https:\/\/elhogarquedeseo.com\/index.php\/gestion-del-tiempo\/\">on el m\u00e9todo Time Blocking aprenderemos a gestionar el tiempo, cuidar la productividad, descansar y practicar hobbys<\/a><br><br><kbd><span class=\"uppercase\"><strong>Contenido del curso<\/strong><\/span><\/kbd><br><br>INTRODUCCI\u00d3N<br>ENTORNO DE TRABAJO<br>CONFIGURACI\u00d3N DE TIME BLOCKING<br>TAREAS IMPORTANTES Y URGENTES<br>EVENTOS A FONDO<br>CALENDARIO PERSONAL<br>COMPARTIR CON OTROS<br>EL D\u00cdA A D\u00cdA<br>FILOSOF\u00cdA DEL TIME BLOCKING<br>B\u00daSQUEDA<br><\/p><a class=\"gutentor-button gutentor-single-item-button gutentor-icon-after\" href=\"#\"><i class=\"gutentor-button-icon fas fa-arrow-right\"><\/i><span><a href=\"https:\/\/costumbres.elhogarquedeseo.com\/index.php\/1-gestion-del-tiempo\/\" data-type=\"page\" data-id=\"93\">CURSO<\/a><\/span><\/a><\/div><\/div><\/div><div class=\"grid-md-6 about-grid\"><div class=\"gutentor-single-item-image-box\"><div class=\"gutentor-image-thumb\"><img loading=\"lazy\" decoding=\"async\" class=\"normal-image\" src=\"https:\/\/costumbres.elhogarquedeseo.com\/wp-content\/uploads\/2024\/05\/procrastinar3.png\" alt=\"\" height=\"1080\" width=\"1080\" \/><\/div><\/div><\/div><\/div><\/div><\/div><\/div><\/section>\n\n\n\n<section id=\"section-6a2ba10a-d6aa-4835-8873-e5718a1670fa\" class=\"wp-block-gutentor-about-block gutentor-section gutentor-about about-template1 has-color-bg has-custom-bg\"><div class=\"grid-container\"><div class=\"gutentor-grid-item-wrap\"><div class=\"gutentor-single-item\"><div class=\"grid-row\"><div class=\"grid-md-6 about-grid\"><div class=\"gutentor-single-item-image-box\"><div class=\"gutentor-image-thumb\"><img loading=\"lazy\" decoding=\"async\" class=\"normal-image\" src=\"https:\/\/costumbres.elhogarquedeseo.com\/wp-content\/uploads\/2024\/05\/konmary.png\" alt=\"\" height=\"700\" width=\"1000\" \/><\/div><\/div><\/div><div class=\"grid-md-6 about-grid\"><div class=\"gutentor-single-item-content\"><div class=\"gutentor-about-content\"><h3 class=\"gutentor-single-item-title\">Orden seg\u00fan el m\u00e9todo Konmary<\/h3><p class=\"gutentor-single-item-desc\">C<a href=\"https:\/\/elhogarquedeseo.com\/index.php\/orden-2\/\">on el m\u00e9todo KonMary aprenderemos a ordenar nuestra casa y todos sus elementos: ropa, utensilios, documentos, etc., etc.<\/a><br><br><span class=\"uppercase\"><strong>Contenido del curso<\/strong><\/span><br><br>INTRODUCCI\u00d3N<br>ROPA<br>LIBROS<br>PAPELES<br>COCINA<br>BA\u00d1O<br>OBJETOS CON AFECTO<br>CONVIVENCIA<br>PLAN<br>FINANZAS<\/p><a class=\"gutentor-button gutentor-single-item-button gutentor-icon-hide\" href=\"#\"><i class=\"gutentor-button-icon fas fa-book\"><\/i><span><a href=\"https:\/\/costumbres.elhogarquedeseo.com\/index.php\/1-orden-introduccion\/\" data-type=\"page\" data-id=\"130\">Curso<\/a><\/span><\/a><\/div><\/div><\/div><\/div><\/div><\/div><\/div><\/section>\n<\/div>\n<\/div><\/div>\n\n\n\n<section id=\"section-6cb81162-4449-4004-b506-cb361a66ac61\" class=\"wp-block-gutentor-about-block alignfull gutentor-section gutentor-about about-template6 has-color-bg has-custom-bg\"><div class=\"grid-container\"><div class=\"gutentor-grid-item-wrap\"><div class=\"gutentor-single-item\"><div class=\"grid-row\"><div class=\"grid-md-6 about-grid\"><div class=\"gutentor-single-item-content\"><div class=\"gutentor-about-content\"><h3 class=\"gutentor-single-item-title\"> Curso de afectividad<\/h3><p class=\"gutentor-single-item-desc\">E<em>d<\/em>ucar la afectividad no es tarea f\u00e1cil. Sobre todo si queremos que los hijos sean adultos maduros y responsables de sus actos<br><br><span class=\"uppercase\"><strong>CONTENIDO DEL CURSO<\/strong><\/span><br><br><a href=\"https:\/\/costumbres.elhogarquedeseo.com\/index.php\/1-afectividad-introduccion\/\">INTRODUCCI\u00d3N<br><\/a><a href=\"https:\/\/costumbres.elhogarquedeseo.com\/index.php\/2-afectividad-somos-seres-sexuados\/\">SOMOS SERES SEXUADOS<\/a><br><a href=\"https:\/\/costumbres.elhogarquedeseo.com\/index.php\/3-afectividad-intimidad\/\">INTIMIDAD<\/a><br><a href=\"https:\/\/costumbres.elhogarquedeseo.com\/index.php\/4-afectividad-como-hablar-de-sexo-con-mis-hijos\/\" data-type=\"page\" data-id=\"47\">\u00bfC\u00d3MO HABLAR DE SEXO CON MIS HIJOS?<\/a><br><a href=\"https:\/\/costumbres.elhogarquedeseo.com\/index.php\/5-afectividad-la-belleza-de-ser-mujer\/\">LA BELLEZA DE SER MUJER<\/a><br><a href=\"https:\/\/costumbres.elhogarquedeseo.com\/index.php\/6-afectividad-que-es-un-varon-sano\/\" data-type=\"page\" data-id=\"51\">\u00bfQU\u00c9 ES UN VAR\u00d3N SANO?<\/a><br><a href=\"https:\/\/costumbres.elhogarquedeseo.com\/index.php\/7-afectividad-pornografia\/\" data-type=\"page\" data-id=\"54\">PORNOGRAF\u00cdA<\/a><br><a href=\"https:\/\/costumbres.elhogarquedeseo.com\/index.php\/8-afectividad-sexo-casual\/\" data-type=\"page\" data-id=\"57\">\u00bfSEXO CASUAL?<\/a><br><a href=\"https:\/\/costumbres.elhogarquedeseo.com\/index.php\/9-afectividad-noviazgo\/\" data-type=\"page\" data-id=\"59\">NOVIAZGO<\/a><br><a href=\"https:\/\/costumbres.elhogarquedeseo.com\/index.php\/10-afectividad-matrimonio\/\" data-type=\"page\" data-id=\"61\">MATRIMONIO<\/a><\/p><a class=\"gutentor-button gutentor-single-item-button gutentor-icon-after\" href=\"#\"><i class=\"gutentor-button-icon fas fa-arrow-alt-circle-right\"><\/i><span><a href=\"https:\/\/costumbres.elhogarquedeseo.com\/index.php\/1-afectividad-introduccion\/\" data-type=\"page\" data-id=\"39\">Afectividad<\/a><\/span><\/a><\/div><\/div><\/div><div class=\"grid-md-6 about-grid\"><div class=\"gutentor-single-item-image-box\"><div class=\"gutentor-image-thumb\"><img loading=\"lazy\" decoding=\"async\" class=\"normal-image\" src=\"https:\/\/costumbres.elhogarquedeseo.com\/wp-content\/uploads\/2024\/05\/afectividad1.png\" alt=\"\" height=\"1217\" width=\"1000\" \/><\/div><\/div><\/div><\/div><\/div><\/div><\/div><\/section>\n","protected":false},"excerpt":{"rendered":"","protected":false},"author":1,"featured_media":0,"parent":0,"menu_order":0,"comment_status":"closed","ping_status":"closed","template":"","meta":{"hide_page_title":"","_coblocks_attr":"","_coblocks_dimensions":"","_coblocks_responsive_height":"","_coblocks_accordion_ie_support":"","footnotes":""},"class_list":["post-17","page","type-page","status-publish","hentry"],"_links":{"self":[{"href":"https:\/\/costumbres.elhogarquedeseo.com\/index.php\/wp-json\/wp\/v2\/pages\/17","targetHints":{"allow":["GET"]}}],"collection":[{"href":"https:\/\/costumbres.elhogarquedeseo.com\/index.php\/wp-json\/wp\/v2\/pages"}],"about":[{"href":"https:\/\/costumbres.elhogarquedeseo.com\/index.php\/wp-json\/wp\/v2\/types\/page"}],"author":[{"embeddable":true,"href":"https:\/\/costumbres.elhogarquedeseo.com\/index.php\/wp-json\/wp\/v2\/users\/1"}],"replies":[{"embeddable":true,"href":"https:\/\/costumbres.elhogarquedeseo.com\/index.php\/wp-json\/wp\/v2\/comments?post=17"}],"version-history":[{"count":16,"href":"https:\/\/costumbres.elhogarquedeseo.com\/index.php\/wp-json\/wp\/v2\/pages\/17\/revisions"}],"predecessor-version":[{"id":183,"href":"https:\/\/costumbres.elhogarquedeseo.com\/index.php\/wp-json\/wp\/v2\/pages\/17\/revisions\/183"}],"wp:attachment":[{"href":"https:\/\/costumbres.elhogarquedeseo.com\/index.php\/wp-json\/wp\/v2\/media?parent=17"}],"curies":[{"name":"wp","href":"https:\/\/api.w.org\/{rel}","templated":true}]}}