{"id":113,"date":"2024-05-05T20:58:16","date_gmt":"2024-05-05T18:58:16","guid":{"rendered":"https:\/\/costumbres.elhogarquedeseo.com\/?page_id=113"},"modified":"2024-05-05T21:06:28","modified_gmt":"2024-05-05T19:06:28","slug":"10-gt-busqueda","status":"publish","type":"page","link":"https:\/\/costumbres.elhogarquedeseo.com\/index.php\/10-gt-busqueda\/","title":{"rendered":"10 GT: B\u00daSQUEDA"},"content":{"rendered":"\n<figure class=\"wp-block-embed alignfull is-type-video is-provider-vimeo wp-block-embed-vimeo wp-embed-aspect-16-9 wp-has-aspect-ratio\"><div class=\"wp-block-embed__wrapper\">\n<iframe loading=\"lazy\" src=\"https:\/\/player.vimeo.com\/video\/581293051?h=15c33d4d38&amp;dnt=1&amp;app_id=122963\" width=\"660\" height=\"371\" frameborder=\"0\" allow=\"autoplay; fullscreen; picture-in-picture; clipboard-write\"><\/iframe>\n<\/div><\/figure>\n\n\n<h2 style=\"text-align: center;\">Contenido<\/h2>\n<ol>\n<li style=\"list-style-type: none;\">\n<ol>\n<li style=\"list-style-type: none;\">\n<ol>\n<li style=\"list-style-type: none;\">\n<ol>\n<li style=\"list-style-type: none;\">\n<ol>\n<li style=\"list-style-type: none;\">\n<ol>\n<li style=\"list-style-type: none;\">\n<ol>\n<li style=\"list-style-type: none;\">\n<ol>\n<li style=\"list-style-type: none;\">\n<ol>\n<li>\n<h5><a href=\"https:\/\/costumbres.elhogarquedeseo.com\/index.php\/1-gestion-del-tiempo\/\">INTRODUCCI\u00d3N<\/a><\/h5>\n<\/li>\n<li>\n<h5><a href=\"https:\/\/costumbres.elhogarquedeseo.com\/index.php\/2-gt-entorno-de-trabajo\/\">ENTORNO DE TRABAJO<\/a><\/h5>\n<\/li>\n<li>\n<h5><a href=\"https:\/\/costumbres.elhogarquedeseo.com\/index.php\/3-gt-configuracion-de-time-blocking\/\">CONFIGURACI\u00d3N DE TIME BLOCKING<\/a><\/h5>\n<\/li>\n<li>\n<h5><a href=\"https:\/\/costumbres.elhogarquedeseo.com\/index.php\/4-gt-tareas-importantes-y-urgentes\/\">TAREAS IMPORTANTES Y URGENTES<\/a><\/h5>\n<\/li>\n<li>\n<h5><a href=\"https:\/\/costumbres.elhogarquedeseo.com\/index.php\/5-gt-eventos-a-fondo\/\">EVENTOS A FONDO<\/a><\/h5>\n<\/li>\n<li>\n<h5><a href=\"https:\/\/costumbres.elhogarquedeseo.com\/index.php\/6-gt-calendario-personal\/\">CALENDARIO PERSONAL<\/a><\/h5>\n<\/li>\n<li>\n<h5><a href=\"https:\/\/costumbres.elhogarquedeseo.com\/index.php\/7-gt-compartir-con-otros\/\">COMPARTIR CON OTROS<\/a><\/h5>\n<\/li>\n<li>\n<h5><a href=\"https:\/\/costumbres.elhogarquedeseo.com\/index.php\/8-gt-el-dia-a-dia\/\">EL D\u00cdA A D\u00cdA<\/a><\/h5>\n<\/li>\n<li>\n<h5><a href=\"https:\/\/costumbres.elhogarquedeseo.com\/index.php\/9-gt-filosofia-del-time-blocking\/\">FILOSOF\u00cdA DEL TIME BLOCKING<\/a><\/h5>\n<\/li>\n<li>\n<h5><a href=\"https:\/\/costumbres.elhogarquedeseo.com\/index.php\/10-gt-busqueda\/\">B\u00daSQUEDA<\/a><\/h5>\n<\/li>\n<\/ol>\n<\/li>\n<\/ol>\n<\/li>\n<\/ol>\n<\/li>\n<\/ol>\n<\/li>\n<\/ol>\n<\/li>\n<\/ol>\n<\/li>\n<\/ol>\n<\/li>\n<\/ol>\n<\/li>\n<\/ol>","protected":false},"excerpt":{"rendered":"<p>Contenido INTRODUCCI\u00d3N ENTORNO DE TRABAJO CONFIGURACI\u00d3N DE TIME BLOCKING TAREAS IMPORTANTES Y URGENTES EVENTOS A FONDO CALENDARIO PERSONAL COMPARTIR CON OTROS EL D\u00cdA A D\u00cdA FILOSOF\u00cdA DEL TIME BLOCKING B\u00daSQUEDA<\/p>\n","protected":false},"author":1,"featured_media":0,"parent":0,"menu_order":0,"comment_status":"closed","ping_status":"closed","template":"","meta":{"hide_page_title":"","_coblocks_attr":"","_coblocks_dimensions":"","_coblocks_responsive_height":"","_coblocks_accordion_ie_support":"","footnotes":""},"class_list":["post-113","page","type-page","status-publish","hentry"],"_links":{"self":[{"href":"https:\/\/costumbres.elhogarquedeseo.com\/index.php\/wp-json\/wp\/v2\/pages\/113","targetHints":{"allow":["GET"]}}],"collection":[{"href":"https:\/\/costumbres.elhogarquedeseo.com\/index.php\/wp-json\/wp\/v2\/pages"}],"about":[{"href":"https:\/\/costumbres.elhogarquedeseo.com\/index.php\/wp-json\/wp\/v2\/types\/page"}],"author":[{"embeddable":true,"href":"https:\/\/costumbres.elhogarquedeseo.com\/index.php\/wp-json\/wp\/v2\/users\/1"}],"replies":[{"embeddable":true,"href":"https:\/\/costumbres.elhogarquedeseo.com\/index.php\/wp-json\/wp\/v2\/comments?post=113"}],"version-history":[{"count":3,"href":"https:\/\/costumbres.elhogarquedeseo.com\/index.php\/wp-json\/wp\/v2\/pages\/113\/revisions"}],"predecessor-version":[{"id":126,"href":"https:\/\/costumbres.elhogarquedeseo.com\/index.php\/wp-json\/wp\/v2\/pages\/113\/revisions\/126"}],"wp:attachment":[{"href":"https:\/\/costumbres.elhogarquedeseo.com\/index.php\/wp-json\/wp\/v2\/media?parent=113"}],"curies":[{"name":"wp","href":"https:\/\/api.w.org\/{rel}","templated":true}]}}